{"id":5852,"date":"2024-02-08T19:27:42","date_gmt":"2024-02-08T18:27:42","guid":{"rendered":"https:\/\/youclothingbrand.com\/?post_type=product&#038;p=5852"},"modified":"2024-02-26T18:49:59","modified_gmt":"2024-02-26T17:49:59","slug":"blue-basic-leggings","status":"publish","type":"product","link":"https:\/\/youclothingbrand.com\/en\/product\/blue-basic-leggings\/","title":{"rendered":"BLUE BASIC LEGGINGS"},"content":{"rendered":"\t\t<div data-elementor-type=\"product-post\" data-elementor-id=\"5852\" class=\"elementor elementor-5852\" data-elementor-post-type=\"product\">\n\t\t\t\t\t\t<section class=\"elementor-section elementor-top-section elementor-element elementor-element-35116b3 elementor-section-boxed elementor-section-height-default elementor-section-height-default\" data-id=\"35116b3\" data-element_type=\"section\" data-e-type=\"section\">\n\t\t\t\t\t\t<div class=\"elementor-container elementor-column-gap-default\">\n\t\t\t\t\t<div class=\"elementor-column elementor-col-100 elementor-top-column elementor-element elementor-element-7c9fd776\" data-id=\"7c9fd776\" data-element_type=\"column\" data-e-type=\"column\">\n\t\t\t<div class=\"elementor-widget-wrap elementor-element-populated\">\n\t\t\t\t\t\t<div class=\"elementor-element elementor-element-3ef08044 elementor-widget elementor-widget-text-editor\" data-id=\"3ef08044\" data-element_type=\"widget\" data-e-type=\"widget\" data-widget_type=\"text-editor.default\">\n\t\t\t\t<div class=\"elementor-widget-container\">\n\t\t\t\t\t\t\t\t\t<p>Gladek in trpe\u017een material, ki zagotavlja dodatno udobje in brezskrbnost pri uporabi. Ob raztezanju se struktura blaga ne spremeni in ostane neprosojna. Zato vas med vadbo ne bo skrbelo. Material zasnovan tako, da je ko\u017ea kljub potenju vedno suha in ohranja konstatno temperaturo. \u0160ivi so name\u0161\u010deni tako, da ne ovirajo gibanja. Dodatni \u017eepi ob straneh so priro\u010dni za shranjevanje ali za roke. Na zadnji strani dodani dvojni \u0161ivi, kar \u0161e posebej lepo oblikuje zadnjico.<\/p><p><strong>BASIC YOU pajkice so namenjene vsem tistim, ki obo\u017eujejo klasi\u010dne modele pajkic, kateri enostavno nikoli ne grejo iz mode.\u00a0<\/strong><strong>Popolna kombinacija udobja, kvalitete in stila. Idealne za intenziven \u0161port ali sprehod po mestu.<\/strong><\/p>\t\t\t\t\t\t\t\t<\/div>\n\t\t\t\t<\/div>\n\t\t\t\t<section class=\"elementor-section elementor-inner-section elementor-element elementor-element-335d85e elementor-section-boxed elementor-section-height-default elementor-section-height-default\" data-id=\"335d85e\" data-element_type=\"section\" data-e-type=\"section\" data-settings=\"{&quot;background_background&quot;:&quot;classic&quot;}\">\n\t\t\t\t\t\t<div class=\"elementor-container elementor-column-gap-default\">\n\t\t\t\t\t<div class=\"elementor-column elementor-col-20 elementor-inner-column elementor-element elementor-element-bf7ed29\" data-id=\"bf7ed29\" data-element_type=\"column\" data-e-type=\"column\">\n\t\t\t<div class=\"elementor-widget-wrap elementor-element-populated\">\n\t\t\t\t\t\t<div class=\"elementor-element elementor-element-87ee011 elementor-widget elementor-widget-image\" data-id=\"87ee011\" data-element_type=\"widget\" data-e-type=\"widget\" data-widget_type=\"image.default\">\n\t\t\t\t<div class=\"elementor-widget-container\">\n\t\t\t\t\t\t\t\t\t\t\t\t\t\t\t<span class=\"g5core__lazy-image\" style=\"--g5-lazy-image-width: 60px;--g5-lazy-image-height: 100%\"><img loading=\"lazy\" decoding=\"async\" class=\"g5core__ll-image \" src=\"https:\/\/youclothingbrand.com\/wp-content\/plugins\/g5-core\/assets\/images\/placeholder-transparent.png\" width=\"60\" height=\"60\" data-src=\"https:\/\/youclothingbrand.com\/wp-content\/uploads\/elementor\/thumbs\/019-arrows-qj44adt4px82ljxe1l055whdaliyh6cf9wrlxvyvyw.png\" title=\"019-arrows\" alt=\"019-arrows\" loading=\"lazy\"><\/span>\t\t\t\t\t\t\t\t\t\t\t\t\t\t\t<\/div>\n\t\t\t\t<\/div>\n\t\t\t\t<div class=\"elementor-element elementor-element-f852ee1 elementor-widget elementor-widget-text-editor\" data-id=\"f852ee1\" data-element_type=\"widget\" data-e-type=\"widget\" data-widget_type=\"text-editor.default\">\n\t\t\t\t<div class=\"elementor-widget-container\">\n\t\t\t\t\t\t\t\t\t<h5><strong>Raztegljivost<\/strong><\/h5>\t\t\t\t\t\t\t\t<\/div>\n\t\t\t\t<\/div>\n\t\t\t\t\t<\/div>\n\t\t<\/div>\n\t\t\t\t<div class=\"elementor-column elementor-col-20 elementor-inner-column elementor-element elementor-element-96fd762\" data-id=\"96fd762\" data-element_type=\"column\" data-e-type=\"column\">\n\t\t\t<div class=\"elementor-widget-wrap elementor-element-populated\">\n\t\t\t\t\t\t<div class=\"elementor-element elementor-element-7086f48 elementor-widget elementor-widget-image\" data-id=\"7086f48\" data-element_type=\"widget\" data-e-type=\"widget\" data-widget_type=\"image.default\">\n\t\t\t\t<div class=\"elementor-widget-container\">\n\t\t\t\t\t\t\t\t\t\t\t\t\t\t\t<span class=\"g5core__lazy-image\" style=\"--g5-lazy-image-width: 60px;--g5-lazy-image-height: 100%\"><img loading=\"lazy\" decoding=\"async\" class=\"g5core__ll-image \" src=\"https:\/\/youclothingbrand.com\/wp-content\/plugins\/g5-core\/assets\/images\/placeholder-transparent.png\" width=\"60\" height=\"60\" data-src=\"https:\/\/youclothingbrand.com\/wp-content\/uploads\/elementor\/thumbs\/013-feather-qj44cg2dpu1q2qxizz3o4vqs81cyd9j7w4ayuqwsbc.png\" title=\"013-feather\" alt=\"013-feather\" loading=\"lazy\"><\/span>\t\t\t\t\t\t\t\t\t\t\t\t\t\t\t<\/div>\n\t\t\t\t<\/div>\n\t\t\t\t<div class=\"elementor-element elementor-element-e15bf35 elementor-widget elementor-widget-text-editor\" data-id=\"e15bf35\" data-element_type=\"widget\" data-e-type=\"widget\" data-widget_type=\"text-editor.default\">\n\t\t\t\t<div class=\"elementor-widget-container\">\n\t\t\t\t\t\t\t\t\t<h5><strong>Lahkost<\/strong><\/h5>\t\t\t\t\t\t\t\t<\/div>\n\t\t\t\t<\/div>\n\t\t\t\t\t<\/div>\n\t\t<\/div>\n\t\t\t\t<div class=\"elementor-column elementor-col-20 elementor-inner-column elementor-element elementor-element-bb7bb46\" data-id=\"bb7bb46\" data-element_type=\"column\" data-e-type=\"column\">\n\t\t\t<div class=\"elementor-widget-wrap elementor-element-populated\">\n\t\t\t\t\t\t<div class=\"elementor-element elementor-element-f52048b elementor-widget elementor-widget-image\" data-id=\"f52048b\" data-element_type=\"widget\" data-e-type=\"widget\" data-widget_type=\"image.default\">\n\t\t\t\t<div class=\"elementor-widget-container\">\n\t\t\t\t\t\t\t\t\t\t\t\t\t\t\t<span class=\"g5core__lazy-image\" style=\"--g5-lazy-image-width: 60px;--g5-lazy-image-height: 100%\"><img loading=\"lazy\" decoding=\"async\" class=\"g5core__ll-image \" src=\"https:\/\/youclothingbrand.com\/wp-content\/plugins\/g5-core\/assets\/images\/placeholder-transparent.png\" width=\"60\" height=\"60\" data-src=\"https:\/\/youclothingbrand.com\/wp-content\/uploads\/elementor\/thumbs\/037-dryer-qj44d7bp8131fftxksvun6v5g7mlkhjfnv81rrsdaw.png\" title=\"037-dryer\" alt=\"037-dryer\" loading=\"lazy\"><\/span>\t\t\t\t\t\t\t\t\t\t\t\t\t\t\t<\/div>\n\t\t\t\t<\/div>\n\t\t\t\t<div class=\"elementor-element elementor-element-3c2c136 elementor-widget elementor-widget-text-editor\" data-id=\"3c2c136\" data-element_type=\"widget\" data-e-type=\"widget\" data-widget_type=\"text-editor.default\">\n\t\t\t\t<div class=\"elementor-widget-container\">\n\t\t\t\t\t\t\t\t\t<h5><strong>Zra\u010dnost<\/strong><\/h5>\t\t\t\t\t\t\t\t<\/div>\n\t\t\t\t<\/div>\n\t\t\t\t\t<\/div>\n\t\t<\/div>\n\t\t\t\t<div class=\"elementor-column elementor-col-20 elementor-inner-column elementor-element elementor-element-aade1ab\" data-id=\"aade1ab\" data-element_type=\"column\" data-e-type=\"column\">\n\t\t\t<div class=\"elementor-widget-wrap elementor-element-populated\">\n\t\t\t\t\t\t<div class=\"elementor-element elementor-element-c899aa1 elementor-widget elementor-widget-image\" data-id=\"c899aa1\" data-element_type=\"widget\" data-e-type=\"widget\" data-widget_type=\"image.default\">\n\t\t\t\t<div class=\"elementor-widget-container\">\n\t\t\t\t\t\t\t\t\t\t\t\t\t\t\t<span class=\"g5core__lazy-image\" style=\"--g5-lazy-image-width: 60px;--g5-lazy-image-height: 100%\"><img loading=\"lazy\" decoding=\"async\" class=\"g5core__ll-image \" src=\"https:\/\/youclothingbrand.com\/wp-content\/plugins\/g5-core\/assets\/images\/placeholder-transparent.png\" width=\"60\" height=\"60\" data-src=\"https:\/\/youclothingbrand.com\/wp-content\/uploads\/elementor\/thumbs\/050-sweat-qj44e1ejaq87qym8p5vwuz9wgjicesuug03l4mjrrs.png\" title=\"050-sweat\" alt=\"050-sweat\" loading=\"lazy\"><\/span>\t\t\t\t\t\t\t\t\t\t\t\t\t\t\t<\/div>\n\t\t\t\t<\/div>\n\t\t\t\t<div class=\"elementor-element elementor-element-6edefa7 elementor-widget elementor-widget-text-editor\" data-id=\"6edefa7\" data-element_type=\"widget\" data-e-type=\"widget\" data-widget_type=\"text-editor.default\">\n\t\t\t\t<div class=\"elementor-widget-container\">\n\t\t\t\t\t\t\t\t\t<h5><strong>Prenos vlage<\/strong><\/h5>\t\t\t\t\t\t\t\t<\/div>\n\t\t\t\t<\/div>\n\t\t\t\t\t<\/div>\n\t\t<\/div>\n\t\t\t\t<div class=\"elementor-column elementor-col-20 elementor-inner-column elementor-element elementor-element-85982d6\" data-id=\"85982d6\" data-element_type=\"column\" data-e-type=\"column\">\n\t\t\t<div class=\"elementor-widget-wrap elementor-element-populated\">\n\t\t\t\t\t\t<div class=\"elementor-element elementor-element-89fd833 elementor-widget elementor-widget-image\" data-id=\"89fd833\" data-element_type=\"widget\" data-e-type=\"widget\" data-widget_type=\"image.default\">\n\t\t\t\t<div class=\"elementor-widget-container\">\n\t\t\t\t\t\t\t\t\t\t\t\t\t\t\t<span class=\"g5core__lazy-image\" style=\"--g5-lazy-image-width: 60px;--g5-lazy-image-height: 100%\"><img loading=\"lazy\" decoding=\"async\" class=\"g5core__ll-image \" src=\"https:\/\/youclothingbrand.com\/wp-content\/plugins\/g5-core\/assets\/images\/placeholder-transparent.png\" width=\"60\" height=\"60\" data-src=\"https:\/\/youclothingbrand.com\/wp-content\/uploads\/elementor\/thumbs\/003-silk-qj44el55a8z8irtkhwf2tcakxmt1wg17ipss7fqi54.png\" title=\"003-silk\" alt=\"003-silk\" loading=\"lazy\"><\/span>\t\t\t\t\t\t\t\t\t\t\t\t\t\t\t<\/div>\n\t\t\t\t<\/div>\n\t\t\t\t<div class=\"elementor-element elementor-element-b18c163 elementor-widget elementor-widget-text-editor\" data-id=\"b18c163\" data-element_type=\"widget\" data-e-type=\"widget\" data-widget_type=\"text-editor.default\">\n\t\t\t\t<div class=\"elementor-widget-container\">\n\t\t\t\t\t\t\t\t\t<h5><strong>Brez\u00a0<\/strong><strong>neprijetnih vonjav<\/strong><\/h5>\t\t\t\t\t\t\t\t<\/div>\n\t\t\t\t<\/div>\n\t\t\t\t\t<\/div>\n\t\t<\/div>\n\t\t\t\t\t<\/div>\n\t\t<\/section>\n\t\t\t\t<div class=\"elementor-element elementor-element-cfe495e elementor-widget elementor-widget-accordion\" data-id=\"cfe495e\" data-element_type=\"widget\" data-e-type=\"widget\" data-widget_type=\"accordion.default\">\n\t\t\t\t<div class=\"elementor-widget-container\">\n\t\t\t\t\t\t\t<div class=\"elementor-accordion\">\n\t\t\t\t\t\t\t<div class=\"elementor-accordion-item\">\n\t\t\t\t\t<div id=\"elementor-tab-title-2171\" class=\"elementor-tab-title\" data-tab=\"1\" role=\"button\" aria-controls=\"elementor-tab-content-2171\" aria-expanded=\"false\">\n\t\t\t\t\t\t\t\t\t\t\t\t\t<span class=\"elementor-accordion-icon elementor-accordion-icon-left\" aria-hidden=\"true\">\n\t\t\t\t\t\t\t\t\t\t\t\t\t\t\t<span class=\"elementor-accordion-icon-closed\"><i class=\"fas fa-plus\"><\/i><\/span>\n\t\t\t\t\t\t\t\t<span class=\"elementor-accordion-icon-opened\"><i class=\"fas fa-minus\"><\/i><\/span>\n\t\t\t\t\t\t\t\t\t\t\t\t\t\t<\/span>\n\t\t\t\t\t\t\t\t\t\t\t\t<a class=\"elementor-accordion-title\" tabindex=\"0\">PREDNOSTI<\/a>\n\t\t\t\t\t<\/div>\n\t\t\t\t\t<div id=\"elementor-tab-content-2171\" class=\"elementor-tab-content elementor-clearfix\" data-tab=\"1\" role=\"region\" aria-labelledby=\"elementor-tab-title-2171\"><ul><li>Aktivni model s hitro su\u0161e\u010dimi lastnostmi<\/li><li>Globlja \u017eepa ob straneh hla\u010dnic<\/li><li>\u017dep na hrbtni strani<\/li><li>Odsevni detajli ob straneh\u00a0<\/li><li>Trpe\u017enost in pro\u017enost \u2013 svobodno gibanje<\/li><li>Visok pas<\/li><li>0% prosojnost<\/li><li>Preverjena YOU kvaliteta<\/li><\/ul><\/div>\n\t\t\t\t<\/div>\n\t\t\t\t\t\t\t<div class=\"elementor-accordion-item\">\n\t\t\t\t\t<div id=\"elementor-tab-title-2172\" class=\"elementor-tab-title\" data-tab=\"2\" role=\"button\" aria-controls=\"elementor-tab-content-2172\" aria-expanded=\"false\">\n\t\t\t\t\t\t\t\t\t\t\t\t\t<span class=\"elementor-accordion-icon elementor-accordion-icon-left\" aria-hidden=\"true\">\n\t\t\t\t\t\t\t\t\t\t\t\t\t\t\t<span class=\"elementor-accordion-icon-closed\"><i class=\"fas fa-plus\"><\/i><\/span>\n\t\t\t\t\t\t\t\t<span class=\"elementor-accordion-icon-opened\"><i class=\"fas fa-minus\"><\/i><\/span>\n\t\t\t\t\t\t\t\t\t\t\t\t\t\t<\/span>\n\t\t\t\t\t\t\t\t\t\t\t\t<a class=\"elementor-accordion-title\" tabindex=\"0\">SESTAVA<\/a>\n\t\t\t\t\t<\/div>\n\t\t\t\t\t<div id=\"elementor-tab-content-2172\" class=\"elementor-tab-content elementor-clearfix\" data-tab=\"2\" role=\"region\" aria-labelledby=\"elementor-tab-title-2172\"><p>80% najlon &#8211; 20% spandeks<\/p><\/div>\n\t\t\t\t<\/div>\n\t\t\t\t\t\t\t<div class=\"elementor-accordion-item\">\n\t\t\t\t\t<div id=\"elementor-tab-title-2173\" class=\"elementor-tab-title\" data-tab=\"3\" role=\"button\" aria-controls=\"elementor-tab-content-2173\" aria-expanded=\"false\">\n\t\t\t\t\t\t\t\t\t\t\t\t\t<span class=\"elementor-accordion-icon elementor-accordion-icon-left\" aria-hidden=\"true\">\n\t\t\t\t\t\t\t\t\t\t\t\t\t\t\t<span class=\"elementor-accordion-icon-closed\"><i class=\"fas fa-plus\"><\/i><\/span>\n\t\t\t\t\t\t\t\t<span class=\"elementor-accordion-icon-opened\"><i class=\"fas fa-minus\"><\/i><\/span>\n\t\t\t\t\t\t\t\t\t\t\t\t\t\t<\/span>\n\t\t\t\t\t\t\t\t\t\t\t\t<a class=\"elementor-accordion-title\" tabindex=\"0\">NEGA<\/a>\n\t\t\t\t\t<\/div>\n\t\t\t\t\t<div id=\"elementor-tab-content-2173\" class=\"elementor-tab-content elementor-clearfix\" data-tab=\"3\" role=\"region\" aria-labelledby=\"elementor-tab-title-2173\"><p><strong>Za dalj\u0161o \u017eivljenjsko dobo pajkic YOU svetuje, da upo\u0161tevate navodila za pranje in su\u0161enje:<\/strong><\/p><ul><li><span style=\"color: var( --e-global-color-text ); font-family: var( --e-global-typography-text-font-family ), Sans-serif; font-weight: var( --e-global-typography-text-font-weight ); font-size: var(--g5-body-font-size); font-style: var(--g5-body-font-style); letter-spacing: var(--g5-body-letter-spacing); text-transform: var(--g5-body-text-transform);\">Pranje pri 30\u00b0C<\/span><\/li><li>Neprimerno za likanje \u2013 likanje na nizkih temperaturah<\/li><li>Neprimerno za su\u0161ilni stroj<\/li><li>Pranje na obrnjeni strani \u2013 tisk na notranji strani<\/li><\/ul><\/div>\n\t\t\t\t<\/div>\n\t\t\t\t\t\t\t\t<\/div>\n\t\t\t\t\t\t<\/div>\n\t\t\t\t<\/div>\n\t\t\t\t\t<\/div>\n\t\t<\/div>\n\t\t\t\t\t<\/div>\n\t\t<\/section>\n\t\t\t\t<\/div>\n\t\t","protected":false},"excerpt":{"rendered":"<p>Udobje in brezskrbno gibanje tudi med vabo ali aktivnim prostim \u010dasom. Legice z visokim pasom se dobro prilegajo telesu in ga oblikujejo. Visok in raztegljiv pas ostane na mestu, brez vihanja, tudi med najintenzivnej\u0161imi vadbami.<\/p>\n","protected":false},"featured_media":5849,"comment_status":"open","ping_status":"closed","template":"","meta":[],"product_brand":[],"product_cat":[106,105],"product_tag":[],"class_list":{"0":"post-5852","1":"product","2":"type-product","3":"status-publish","4":"has-post-thumbnail","6":"product_cat-basic","7":"product_cat-pajkice","9":"first","10":"instock","11":"shipping-taxable","12":"purchasable","13":"product-type-variable"},"_links":{"self":[{"href":"https:\/\/youclothingbrand.com\/en\/wp-json\/wp\/v2\/product\/5852","targetHints":{"allow":["GET"]}}],"collection":[{"href":"https:\/\/youclothingbrand.com\/en\/wp-json\/wp\/v2\/product"}],"about":[{"href":"https:\/\/youclothingbrand.com\/en\/wp-json\/wp\/v2\/types\/product"}],"replies":[{"embeddable":true,"href":"https:\/\/youclothingbrand.com\/en\/wp-json\/wp\/v2\/comments?post=5852"}],"version-history":[{"count":9,"href":"https:\/\/youclothingbrand.com\/en\/wp-json\/wp\/v2\/product\/5852\/revisions"}],"predecessor-version":[{"id":6387,"href":"https:\/\/youclothingbrand.com\/en\/wp-json\/wp\/v2\/product\/5852\/revisions\/6387"}],"wp:featuredmedia":[{"embeddable":true,"href":"https:\/\/youclothingbrand.com\/en\/wp-json\/wp\/v2\/media\/5849"}],"wp:attachment":[{"href":"https:\/\/youclothingbrand.com\/en\/wp-json\/wp\/v2\/media?parent=5852"}],"wp:term":[{"taxonomy":"product_brand","embeddable":true,"href":"https:\/\/youclothingbrand.com\/en\/wp-json\/wp\/v2\/product_brand?post=5852"},{"taxonomy":"product_cat","embeddable":true,"href":"https:\/\/youclothingbrand.com\/en\/wp-json\/wp\/v2\/product_cat?post=5852"},{"taxonomy":"product_tag","embeddable":true,"href":"https:\/\/youclothingbrand.com\/en\/wp-json\/wp\/v2\/product_tag?post=5852"}],"curies":[{"name":"wp","href":"https:\/\/api.w.org\/{rel}","templated":true}]}}