{"id":6038,"date":"2024-02-16T18:38:28","date_gmt":"2024-02-16T17:38:28","guid":{"rendered":"https:\/\/youclothingbrand.com\/?post_type=product&#038;p=6038"},"modified":"2024-10-23T20:30:16","modified_gmt":"2024-10-23T19:30:16","slug":"black-camo-active-jacket","status":"publish","type":"product","link":"https:\/\/youclothingbrand.com\/en\/product\/black-camo-active-jacket\/","title":{"rendered":"BLACK CAMO ACTIVE JACKET"},"content":{"rendered":"\t\t<div data-elementor-type=\"product-post\" data-elementor-id=\"6038\" class=\"elementor elementor-6038\" data-elementor-post-type=\"product\">\n\t\t\t\t\t\t<section class=\"elementor-section elementor-top-section elementor-element elementor-element-35116b3 elementor-section-boxed elementor-section-height-default elementor-section-height-default\" data-id=\"35116b3\" data-element_type=\"section\" data-e-type=\"section\">\n\t\t\t\t\t\t<div class=\"elementor-container elementor-column-gap-default\">\n\t\t\t\t\t<div class=\"elementor-column elementor-col-100 elementor-top-column elementor-element elementor-element-7c9fd776\" data-id=\"7c9fd776\" data-element_type=\"column\" data-e-type=\"column\">\n\t\t\t<div class=\"elementor-widget-wrap elementor-element-populated\">\n\t\t\t\t\t\t<div class=\"elementor-element elementor-element-3ef08044 elementor-widget elementor-widget-text-editor\" data-id=\"3ef08044\" data-element_type=\"widget\" data-e-type=\"widget\" data-widget_type=\"text-editor.default\">\n\t\t\t\t<div class=\"elementor-widget-container\">\n\t\t\t\t\t\t\t\t\t<p style=\"font-weight: 400;\">Izjemno prilagodljiva aktivna jopa, oblikovana za vrhunsko udobje in funkcionalnost med razli\u010dnimi dejavnostmi na prostem.\u00a0 Povr\u0161ina materiala je gladka in trpe\u017ena, s tem zagotavlja dodatno udobje in brezskrbnost pri uporabi. Hrbtni del je zasnovan tako, da diha, saj sredinska odprtina prena\u0161a funkcijo nenehnega zra\u010denja, brez da bi vas ob nizkih temperaturah zaradi tega zeblo. Zaradi raztegljivosti materiala je jopa zelo udobna za no\u0161enje. Sama zasnova jope poudari \u017eenstvenost. \u0160ivi so name\u0161\u010deni tako, da ne ovirajo gibanja. Dodatni \u017eepi ob straneh so priro\u010dni za shranjevanje ali za roke. Podalj\u0161ano zapestje omogo\u010da, da so rokavi dovolj dolgi tudi, \u010de \u017eelite prekriti dlani vse do prstov. Poleg tega pa so dodani nastavki za palce, za la\u017eji oprijem rokavov. Kvalitetna zadrga na jopi je kvalitetna in se zapira hitro, brez zatikanja, zato nam omogo\u010da brezskrbno obla\u010denje.<\/p><p style=\"font-weight: 400;\"><strong>\u017denska jopa s kapuco, za katero verjamemo, da bo takoj postala ena izmed va\u0161ih najbolj priljubljenih obla\u010dil.<\/strong><\/p>\t\t\t\t\t\t\t\t<\/div>\n\t\t\t\t<\/div>\n\t\t\t\t<section class=\"elementor-section elementor-inner-section elementor-element elementor-element-335d85e elementor-section-boxed elementor-section-height-default elementor-section-height-default\" data-id=\"335d85e\" data-element_type=\"section\" data-e-type=\"section\" data-settings=\"{&quot;background_background&quot;:&quot;classic&quot;}\">\n\t\t\t\t\t\t<div class=\"elementor-container elementor-column-gap-default\">\n\t\t\t\t\t<div class=\"elementor-column elementor-col-20 elementor-inner-column elementor-element elementor-element-bf7ed29\" data-id=\"bf7ed29\" data-element_type=\"column\" data-e-type=\"column\">\n\t\t\t<div class=\"elementor-widget-wrap elementor-element-populated\">\n\t\t\t\t\t\t<div class=\"elementor-element elementor-element-87ee011 elementor-widget elementor-widget-image\" data-id=\"87ee011\" data-element_type=\"widget\" data-e-type=\"widget\" data-widget_type=\"image.default\">\n\t\t\t\t<div class=\"elementor-widget-container\">\n\t\t\t\t\t\t\t\t\t\t\t\t\t\t\t<span class=\"g5core__lazy-image\" style=\"--g5-lazy-image-width: 50px;--g5-lazy-image-height: 100%\"><img loading=\"lazy\" decoding=\"async\" class=\"g5core__ll-image \" src=\"https:\/\/youclothingbrand.com\/wp-content\/plugins\/g5-core\/assets\/images\/placeholder-transparent.png\" width=\"50\" height=\"50\" data-src=\"https:\/\/youclothingbrand.com\/wp-content\/uploads\/elementor\/thumbs\/019-arrows-qj44adt4ljcffr40lox0yalj6v3sm00uoqb3bqx5ys.png\" title=\"019-arrows\" alt=\"019-arrows\" loading=\"lazy\"><\/span>\t\t\t\t\t\t\t\t\t\t\t\t\t\t\t<\/div>\n\t\t\t\t<\/div>\n\t\t\t\t<div class=\"elementor-element elementor-element-f852ee1 elementor-widget elementor-widget-text-editor\" data-id=\"f852ee1\" data-element_type=\"widget\" data-e-type=\"widget\" data-widget_type=\"text-editor.default\">\n\t\t\t\t<div class=\"elementor-widget-container\">\n\t\t\t\t\t\t\t\t\t<h5><strong>Raztegljivo<\/strong><\/h5>\t\t\t\t\t\t\t\t<\/div>\n\t\t\t\t<\/div>\n\t\t\t\t\t<\/div>\n\t\t<\/div>\n\t\t\t\t<div class=\"elementor-column elementor-col-20 elementor-inner-column elementor-element elementor-element-96fd762\" data-id=\"96fd762\" data-element_type=\"column\" data-e-type=\"column\">\n\t\t\t<div class=\"elementor-widget-wrap elementor-element-populated\">\n\t\t\t\t\t\t<div class=\"elementor-element elementor-element-7086f48 elementor-widget elementor-widget-image\" data-id=\"7086f48\" data-element_type=\"widget\" data-e-type=\"widget\" data-widget_type=\"image.default\">\n\t\t\t\t<div class=\"elementor-widget-container\">\n\t\t\t\t\t\t\t\t\t\t\t\t\t\t\t<span class=\"g5core__lazy-image\" style=\"--g5-lazy-image-width: 55px;--g5-lazy-image-height: 100%\"><img loading=\"lazy\" decoding=\"async\" class=\"g5core__ll-image \" src=\"https:\/\/youclothingbrand.com\/wp-content\/plugins\/g5-core\/assets\/images\/placeholder-transparent.png\" width=\"55\" height=\"55\" data-src=\"https:\/\/youclothingbrand.com\/wp-content\/uploads\/elementor\/thumbs\/Black-and-White-Minimalist-Positive-Quote-Instagram-Post-1-1-e1711035315136-qljllruv5enaaxfto9v2jpoqgbg5a8mhnefx34mgo6.png\" loading=\"lazy\"><\/span>\t\t\t\t\t\t\t\t\t\t\t\t\t\t\t<\/div>\n\t\t\t\t<\/div>\n\t\t\t\t<div class=\"elementor-element elementor-element-e15bf35 elementor-widget elementor-widget-text-editor\" data-id=\"e15bf35\" data-element_type=\"widget\" data-e-type=\"widget\" data-widget_type=\"text-editor.default\">\n\t\t\t\t<div class=\"elementor-widget-container\">\n\t\t\t\t\t\t\t\t\t<h5><strong>Prilagodljivo<\/strong><\/h5>\t\t\t\t\t\t\t\t<\/div>\n\t\t\t\t<\/div>\n\t\t\t\t\t<\/div>\n\t\t<\/div>\n\t\t\t\t<div class=\"elementor-column elementor-col-20 elementor-inner-column elementor-element elementor-element-bb7bb46\" data-id=\"bb7bb46\" data-element_type=\"column\" data-e-type=\"column\">\n\t\t\t<div class=\"elementor-widget-wrap elementor-element-populated\">\n\t\t\t\t\t\t<div class=\"elementor-element elementor-element-f52048b elementor-widget elementor-widget-image\" data-id=\"f52048b\" data-element_type=\"widget\" data-e-type=\"widget\" data-widget_type=\"image.default\">\n\t\t\t\t<div class=\"elementor-widget-container\">\n\t\t\t\t\t\t\t\t\t\t\t\t\t\t\t<span class=\"g5core__lazy-image\" style=\"--g5-lazy-image-width: 50px;--g5-lazy-image-height: 100%\"><img loading=\"lazy\" decoding=\"async\" class=\"g5core__ll-image \" src=\"https:\/\/youclothingbrand.com\/wp-content\/plugins\/g5-core\/assets\/images\/placeholder-transparent.png\" width=\"50\" height=\"50\" data-src=\"https:\/\/youclothingbrand.com\/wp-content\/uploads\/elementor\/thumbs\/037-dryer-qj44d7bp3n7e9n0k4wsqfkzbch7fpb7v2orj5mqnas.png\" title=\"037-dryer\" alt=\"037-dryer\" loading=\"lazy\"><\/span>\t\t\t\t\t\t\t\t\t\t\t\t\t\t\t<\/div>\n\t\t\t\t<\/div>\n\t\t\t\t<div class=\"elementor-element elementor-element-3c2c136 elementor-widget elementor-widget-text-editor\" data-id=\"3c2c136\" data-element_type=\"widget\" data-e-type=\"widget\" data-widget_type=\"text-editor.default\">\n\t\t\t\t<div class=\"elementor-widget-container\">\n\t\t\t\t\t\t\t\t\t<h5><strong>Zra\u010dno<\/strong><\/h5>\t\t\t\t\t\t\t\t<\/div>\n\t\t\t\t<\/div>\n\t\t\t\t\t<\/div>\n\t\t<\/div>\n\t\t\t\t<div class=\"elementor-column elementor-col-20 elementor-inner-column elementor-element elementor-element-aade1ab\" data-id=\"aade1ab\" data-element_type=\"column\" data-e-type=\"column\">\n\t\t\t<div class=\"elementor-widget-wrap elementor-element-populated\">\n\t\t\t\t\t\t<div class=\"elementor-element elementor-element-c899aa1 elementor-widget elementor-widget-image\" data-id=\"c899aa1\" data-element_type=\"widget\" data-e-type=\"widget\" data-widget_type=\"image.default\">\n\t\t\t\t<div class=\"elementor-widget-container\">\n\t\t\t\t\t\t\t\t\t\t\t\t\t\t\t<span class=\"g5core__lazy-image\" style=\"--g5-lazy-image-width: 50px;--g5-lazy-image-height: 100%\"><img loading=\"lazy\" decoding=\"async\" class=\"g5core__ll-image \" src=\"https:\/\/youclothingbrand.com\/wp-content\/plugins\/g5-core\/assets\/images\/placeholder-transparent.png\" width=\"50\" height=\"50\" data-src=\"https:\/\/youclothingbrand.com\/wp-content\/uploads\/elementor\/thumbs\/050-sweat-qj44e1ej6cckl5sv99ssnde2ct36jmj9utn2ihi1ro.png\" title=\"050-sweat\" alt=\"050-sweat\" loading=\"lazy\"><\/span>\t\t\t\t\t\t\t\t\t\t\t\t\t\t\t<\/div>\n\t\t\t\t<\/div>\n\t\t\t\t<div class=\"elementor-element elementor-element-6edefa7 elementor-widget elementor-widget-text-editor\" data-id=\"6edefa7\" data-element_type=\"widget\" data-e-type=\"widget\" data-widget_type=\"text-editor.default\">\n\t\t\t\t<div class=\"elementor-widget-container\">\n\t\t\t\t\t\t\t\t\t<h5><strong>Odvaja vlago<\/strong><\/h5>\t\t\t\t\t\t\t\t<\/div>\n\t\t\t\t<\/div>\n\t\t\t\t\t<\/div>\n\t\t<\/div>\n\t\t\t\t<div class=\"elementor-column elementor-col-20 elementor-inner-column elementor-element elementor-element-85982d6\" data-id=\"85982d6\" data-element_type=\"column\" data-e-type=\"column\">\n\t\t\t<div class=\"elementor-widget-wrap elementor-element-populated\">\n\t\t\t\t\t\t<div class=\"elementor-element elementor-element-89fd833 elementor-widget elementor-widget-image\" data-id=\"89fd833\" data-element_type=\"widget\" data-e-type=\"widget\" data-widget_type=\"image.default\">\n\t\t\t\t<div class=\"elementor-widget-container\">\n\t\t\t\t\t\t\t\t\t\t\t\t\t\t\t<span class=\"g5core__lazy-image\" style=\"--g5-lazy-image-width: 50px;--g5-lazy-image-height: 100%\"><img loading=\"lazy\" decoding=\"async\" class=\"g5core__ll-image \" src=\"https:\/\/youclothingbrand.com\/wp-content\/plugins\/g5-core\/assets\/images\/placeholder-transparent.png\" width=\"50\" height=\"50\" data-src=\"https:\/\/youclothingbrand.com\/wp-content\/uploads\/elementor\/thumbs\/003-silk-qj44el555v3lcz0720bylqeqtwdw19pmxjc9laos50.png\" title=\"003-silk\" alt=\"003-silk\" loading=\"lazy\"><\/span>\t\t\t\t\t\t\t\t\t\t\t\t\t\t\t<\/div>\n\t\t\t\t<\/div>\n\t\t\t\t<div class=\"elementor-element elementor-element-b18c163 elementor-widget elementor-widget-text-editor\" data-id=\"b18c163\" data-element_type=\"widget\" data-e-type=\"widget\" data-widget_type=\"text-editor.default\">\n\t\t\t\t<div class=\"elementor-widget-container\">\n\t\t\t\t\t\t\t\t\t<h5><strong>Brez <\/strong><strong>neprijetnih vonjav<\/strong><\/h5>\t\t\t\t\t\t\t\t<\/div>\n\t\t\t\t<\/div>\n\t\t\t\t\t<\/div>\n\t\t<\/div>\n\t\t\t\t\t<\/div>\n\t\t<\/section>\n\t\t\t\t<div class=\"elementor-element elementor-element-cfe495e elementor-widget elementor-widget-accordion\" data-id=\"cfe495e\" data-element_type=\"widget\" data-e-type=\"widget\" data-widget_type=\"accordion.default\">\n\t\t\t\t<div class=\"elementor-widget-container\">\n\t\t\t\t\t\t\t<div class=\"elementor-accordion\">\n\t\t\t\t\t\t\t<div class=\"elementor-accordion-item\">\n\t\t\t\t\t<div id=\"elementor-tab-title-2171\" class=\"elementor-tab-title\" data-tab=\"1\" role=\"button\" aria-controls=\"elementor-tab-content-2171\" aria-expanded=\"false\">\n\t\t\t\t\t\t\t\t\t\t\t\t\t<span class=\"elementor-accordion-icon elementor-accordion-icon-left\" aria-hidden=\"true\">\n\t\t\t\t\t\t\t\t\t\t\t\t\t\t\t<span class=\"elementor-accordion-icon-closed\"><i class=\"fas fa-plus\"><\/i><\/span>\n\t\t\t\t\t\t\t\t<span class=\"elementor-accordion-icon-opened\"><i class=\"fas fa-minus\"><\/i><\/span>\n\t\t\t\t\t\t\t\t\t\t\t\t\t\t<\/span>\n\t\t\t\t\t\t\t\t\t\t\t\t<a class=\"elementor-accordion-title\" tabindex=\"0\">PREDNOSTI<\/a>\n\t\t\t\t\t<\/div>\n\t\t\t\t\t<div id=\"elementor-tab-content-2171\" class=\"elementor-tab-content elementor-clearfix\" data-tab=\"1\" role=\"region\" aria-labelledby=\"elementor-tab-title-2171\"><ul><li>Aktivna jopa s hitrim su\u0161enjem, ki odvaja vlago s ko\u017ee in zagotavlja zra\u010dnost.<\/li><li>Dva \u017eepa z zadrgo, ki ju pokriva zavihek.<\/li><li>Kapuca.<\/li><li>Odprtine za palec na rokavih.<\/li><li>Zavihki na rokavih za za\u0161\u010dito rok pred mrazom.<\/li><li>Prekrita zadnja hrbtna odprtina za zra\u010denje.<\/li><li>Zasnova s polno zadrgo in oblikovanim krojem, ki poudarja \u017eenstvenost.<\/li><li>Vi\u0161ji ovratnik z vratnim trakom in trakom za udobje.<\/li><li>Trpe\u017ena in pro\u017ena.<\/li><li>Preverjena YOU kvaliteta.<\/li><\/ul><\/div>\n\t\t\t\t<\/div>\n\t\t\t\t\t\t\t<div class=\"elementor-accordion-item\">\n\t\t\t\t\t<div id=\"elementor-tab-title-2172\" class=\"elementor-tab-title\" data-tab=\"2\" role=\"button\" aria-controls=\"elementor-tab-content-2172\" aria-expanded=\"false\">\n\t\t\t\t\t\t\t\t\t\t\t\t\t<span class=\"elementor-accordion-icon elementor-accordion-icon-left\" aria-hidden=\"true\">\n\t\t\t\t\t\t\t\t\t\t\t\t\t\t\t<span class=\"elementor-accordion-icon-closed\"><i class=\"fas fa-plus\"><\/i><\/span>\n\t\t\t\t\t\t\t\t<span class=\"elementor-accordion-icon-opened\"><i class=\"fas fa-minus\"><\/i><\/span>\n\t\t\t\t\t\t\t\t\t\t\t\t\t\t<\/span>\n\t\t\t\t\t\t\t\t\t\t\t\t<a class=\"elementor-accordion-title\" tabindex=\"0\">SESTAVA<\/a>\n\t\t\t\t\t<\/div>\n\t\t\t\t\t<div id=\"elementor-tab-content-2172\" class=\"elementor-tab-content elementor-clearfix\" data-tab=\"2\" role=\"region\" aria-labelledby=\"elementor-tab-title-2172\"><p>80% najlon &#8211; 20% spandeks<\/p><\/div>\n\t\t\t\t<\/div>\n\t\t\t\t\t\t\t<div class=\"elementor-accordion-item\">\n\t\t\t\t\t<div id=\"elementor-tab-title-2173\" class=\"elementor-tab-title\" data-tab=\"3\" role=\"button\" aria-controls=\"elementor-tab-content-2173\" aria-expanded=\"false\">\n\t\t\t\t\t\t\t\t\t\t\t\t\t<span class=\"elementor-accordion-icon elementor-accordion-icon-left\" aria-hidden=\"true\">\n\t\t\t\t\t\t\t\t\t\t\t\t\t\t\t<span class=\"elementor-accordion-icon-closed\"><i class=\"fas fa-plus\"><\/i><\/span>\n\t\t\t\t\t\t\t\t<span class=\"elementor-accordion-icon-opened\"><i class=\"fas fa-minus\"><\/i><\/span>\n\t\t\t\t\t\t\t\t\t\t\t\t\t\t<\/span>\n\t\t\t\t\t\t\t\t\t\t\t\t<a class=\"elementor-accordion-title\" tabindex=\"0\">NEGA<\/a>\n\t\t\t\t\t<\/div>\n\t\t\t\t\t<div id=\"elementor-tab-content-2173\" class=\"elementor-tab-content elementor-clearfix\" data-tab=\"3\" role=\"region\" aria-labelledby=\"elementor-tab-title-2173\"><p><strong>Za dalj\u0161o \u017eivljenjsko dobo jope YOU svetuje, da upo\u0161tevate navodila za pranje in su\u0161enje:<\/strong><\/p><ul><li>Pranje pri 30\u00b0C<\/li><li>Neprimerno za likanje \u2013 likanje na nizkih temperaturah<\/li><li>Neprimerno za su\u0161ilni stroj<\/li><li>Pranje na obrnjeni strani \u2013 tisk na notranji strani<\/li><\/ul><\/div>\n\t\t\t\t<\/div>\n\t\t\t\t\t\t\t<div class=\"elementor-accordion-item\">\n\t\t\t\t\t<div id=\"elementor-tab-title-2174\" class=\"elementor-tab-title\" data-tab=\"4\" role=\"button\" aria-controls=\"elementor-tab-content-2174\" aria-expanded=\"false\">\n\t\t\t\t\t\t\t\t\t\t\t\t\t<span class=\"elementor-accordion-icon elementor-accordion-icon-left\" aria-hidden=\"true\">\n\t\t\t\t\t\t\t\t\t\t\t\t\t\t\t<span class=\"elementor-accordion-icon-closed\"><i class=\"fas fa-plus\"><\/i><\/span>\n\t\t\t\t\t\t\t\t<span class=\"elementor-accordion-icon-opened\"><i class=\"fas fa-minus\"><\/i><\/span>\n\t\t\t\t\t\t\t\t\t\t\t\t\t\t<\/span>\n\t\t\t\t\t\t\t\t\t\t\t\t<a class=\"elementor-accordion-title\" tabindex=\"0\">TABELA VELIKOSTI<\/a>\n\t\t\t\t\t<\/div>\n\t\t\t\t\t<div id=\"elementor-tab-content-2174\" class=\"elementor-tab-content elementor-clearfix\" data-tab=\"4\" role=\"region\" aria-labelledby=\"elementor-tab-title-2174\"><p>*mere so prilagojene; pridr\u017eujemo si pravico do 1-2cm odstopanj<br \/>**\u010de se odlo\u010date med velikostjo, vam priporo\u010damo izbiro ve\u010dje \u0161tevilke.<br \/><img fetchpriority=\"high\" decoding=\"async\" class=\"wp-image-6903 aligncenter\" src=\"https:\/\/youclothingbrand.com\/wp-content\/uploads\/2024\/03\/Tabela-velikosti-1-e1711702020929.png\" alt=\"\" width=\"1200\" height=\"541\" \/><\/p><\/div>\n\t\t\t\t<\/div>\n\t\t\t\t\t\t\t\t<\/div>\n\t\t\t\t\t\t<\/div>\n\t\t\t\t<\/div>\n\t\t\t\t\t<\/div>\n\t\t<\/div>\n\t\t\t\t\t<\/div>\n\t\t<\/section>\n\t\t\t\t<\/div>\n\t\t","protected":false},"excerpt":{"rendered":"<p style=\"font-weight: 400;\">\u0160portna jopa predstavlja obvezen del opreme vsake aktivne \u017eenske. Kot nepogre\u0161ljiv del vsake \u017eenske garderobe s svojo eleganco in \u0161portnim izgledom lahko postane dodatek prav za vsako prilo\u017enost.<\/p>\n","protected":false},"featured_media":6046,"comment_status":"open","ping_status":"closed","template":"","meta":[],"product_brand":[],"product_cat":[101],"product_tag":[],"class_list":{"0":"post-6038","1":"product","2":"type-product","3":"status-publish","4":"has-post-thumbnail","6":"product_cat-aktivna-jopa","8":"first","9":"instock","10":"shipping-taxable","11":"purchasable","12":"product-type-variable"},"_links":{"self":[{"href":"https:\/\/youclothingbrand.com\/en\/wp-json\/wp\/v2\/product\/6038","targetHints":{"allow":["GET"]}}],"collection":[{"href":"https:\/\/youclothingbrand.com\/en\/wp-json\/wp\/v2\/product"}],"about":[{"href":"https:\/\/youclothingbrand.com\/en\/wp-json\/wp\/v2\/types\/product"}],"replies":[{"embeddable":true,"href":"https:\/\/youclothingbrand.com\/en\/wp-json\/wp\/v2\/comments?post=6038"}],"version-history":[{"count":22,"href":"https:\/\/youclothingbrand.com\/en\/wp-json\/wp\/v2\/product\/6038\/revisions"}],"predecessor-version":[{"id":6974,"href":"https:\/\/youclothingbrand.com\/en\/wp-json\/wp\/v2\/product\/6038\/revisions\/6974"}],"wp:featuredmedia":[{"embeddable":true,"href":"https:\/\/youclothingbrand.com\/en\/wp-json\/wp\/v2\/media\/6046"}],"wp:attachment":[{"href":"https:\/\/youclothingbrand.com\/en\/wp-json\/wp\/v2\/media?parent=6038"}],"wp:term":[{"taxonomy":"product_brand","embeddable":true,"href":"https:\/\/youclothingbrand.com\/en\/wp-json\/wp\/v2\/product_brand?post=6038"},{"taxonomy":"product_cat","embeddable":true,"href":"https:\/\/youclothingbrand.com\/en\/wp-json\/wp\/v2\/product_cat?post=6038"},{"taxonomy":"product_tag","embeddable":true,"href":"https:\/\/youclothingbrand.com\/en\/wp-json\/wp\/v2\/product_tag?post=6038"}],"curies":[{"name":"wp","href":"https:\/\/api.w.org\/{rel}","templated":true}]}}