{"id":6909,"date":"2024-03-06T11:41:02","date_gmt":"2024-03-06T10:41:02","guid":{"rendered":"https:\/\/youclothingbrand.com\/?post_type=product&#038;p=6909"},"modified":"2025-04-15T18:42:00","modified_gmt":"2025-04-15T17:42:00","slug":"seamless-core-ss-green","status":"publish","type":"product","link":"https:\/\/youclothingbrand.com\/en\/product\/seamless-core-ss-green\/","title":{"rendered":"SEAMLESS CORE SS &#8211; Green"},"content":{"rendered":"\t\t<div data-elementor-type=\"product-post\" data-elementor-id=\"6909\" class=\"elementor elementor-6909 elementor-6527\" data-elementor-post-type=\"product\">\n\t\t\t\t\t\t<section class=\"elementor-section elementor-top-section elementor-element elementor-element-35116b3 elementor-section-boxed elementor-section-height-default elementor-section-height-default\" data-id=\"35116b3\" data-element_type=\"section\" data-e-type=\"section\">\n\t\t\t\t\t\t<div class=\"elementor-container elementor-column-gap-default\">\n\t\t\t\t\t<div class=\"elementor-column elementor-col-100 elementor-top-column elementor-element elementor-element-7c9fd776\" data-id=\"7c9fd776\" data-element_type=\"column\" data-e-type=\"column\">\n\t\t\t<div class=\"elementor-widget-wrap elementor-element-populated\">\n\t\t\t\t\t\t<div class=\"elementor-element elementor-element-3ef08044 elementor-widget elementor-widget-text-editor\" data-id=\"3ef08044\" data-element_type=\"widget\" data-e-type=\"widget\" data-widget_type=\"text-editor.default\">\n\t\t\t\t<div class=\"elementor-widget-container\">\n\t\t\t\t\t\t\t\t\t<p style=\"font-weight: 400;\"><span style=\"color: var( --e-global-color-text ); font-family: var( --e-global-typography-text-font-family ), Sans-serif; font-size: var(--g5-body-font-size); font-style: var(--g5-body-font-style); letter-spacing: var(--g5-body-letter-spacing); text-transform: var(--g5-body-text-transform);\">Zra\u010dnost in prenos vlage (hitro su\u0161enje) &#8211; hitro su\u0161e\u010d se material vpija in odvaja znoj ter bakterije, hkrati pa poskrbi za izjemno udobje.<\/span><\/p><p style=\"font-weight: 400;\">Brez\u0161ivno &#8211; brez \u0161ivov ob straneh. Zasnova brez \u0161ivov za manj\u0161e drgnjenje in udobje.<\/p><p style=\"font-weight: 400;\"><span style=\"color: var( --e-global-color-text ); font-family: var( --e-global-typography-text-font-family ), Sans-serif; font-size: var(--g5-body-font-size); font-style: var(--g5-body-font-style); letter-spacing: var(--g5-body-letter-spacing); text-transform: var(--g5-body-text-transform);\">Raztegljivost in izjemna lahkost &#8211; visoka vrednost elastana omogo\u010da izredno udobje. Majica se prilagaja postavi, zato zajame tudi ve\u010dje konfekcijske \u0161tevilke.<\/span><\/p><p style=\"font-weight: 400;\"><strong>\u017denska brez\u0161ivna majica poskrbi za udobje in brezskrbno uporabo kjerkoli si.<\/strong><\/p>\t\t\t\t\t\t\t\t<\/div>\n\t\t\t\t<\/div>\n\t\t\t\t<section class=\"elementor-section elementor-inner-section elementor-element elementor-element-335d85e elementor-section-boxed elementor-section-height-default elementor-section-height-default\" data-id=\"335d85e\" data-element_type=\"section\" data-e-type=\"section\" data-settings=\"{&quot;background_background&quot;:&quot;classic&quot;}\">\n\t\t\t\t\t\t<div class=\"elementor-container elementor-column-gap-default\">\n\t\t\t\t\t<div class=\"elementor-column elementor-col-20 elementor-inner-column elementor-element elementor-element-bf7ed29\" data-id=\"bf7ed29\" data-element_type=\"column\" data-e-type=\"column\">\n\t\t\t<div class=\"elementor-widget-wrap elementor-element-populated\">\n\t\t\t\t\t\t<div class=\"elementor-element elementor-element-87ee011 elementor-widget elementor-widget-image\" data-id=\"87ee011\" data-element_type=\"widget\" data-e-type=\"widget\" data-widget_type=\"image.default\">\n\t\t\t\t<div class=\"elementor-widget-container\">\n\t\t\t\t\t\t\t\t\t\t\t\t\t\t\t<span class=\"g5core__lazy-image\" style=\"--g5-lazy-image-width: 50px;--g5-lazy-image-height: 100%\"><img loading=\"lazy\" decoding=\"async\" class=\"g5core__ll-image \" src=\"https:\/\/youclothingbrand.com\/wp-content\/plugins\/g5-core\/assets\/images\/placeholder-transparent.png\" width=\"50\" height=\"50\" data-src=\"https:\/\/youclothingbrand.com\/wp-content\/uploads\/elementor\/thumbs\/019-arrows-qj44adt4ljcffr40lox0yalj6v3sm00uoqb3bqx5ys.png\" title=\"019-arrows\" alt=\"019-arrows\" loading=\"lazy\"><\/span>\t\t\t\t\t\t\t\t\t\t\t\t\t\t\t<\/div>\n\t\t\t\t<\/div>\n\t\t\t\t<div class=\"elementor-element elementor-element-f852ee1 elementor-widget elementor-widget-text-editor\" data-id=\"f852ee1\" data-element_type=\"widget\" data-e-type=\"widget\" data-widget_type=\"text-editor.default\">\n\t\t\t\t<div class=\"elementor-widget-container\">\n\t\t\t\t\t\t\t\t\t<p><strong>Raztegljivost<\/strong><\/p>\t\t\t\t\t\t\t\t<\/div>\n\t\t\t\t<\/div>\n\t\t\t\t\t<\/div>\n\t\t<\/div>\n\t\t\t\t<div class=\"elementor-column elementor-col-20 elementor-inner-column elementor-element elementor-element-96fd762\" data-id=\"96fd762\" data-element_type=\"column\" data-e-type=\"column\">\n\t\t\t<div class=\"elementor-widget-wrap elementor-element-populated\">\n\t\t\t\t\t\t<div class=\"elementor-element elementor-element-7086f48 elementor-widget elementor-widget-image\" data-id=\"7086f48\" data-element_type=\"widget\" data-e-type=\"widget\" data-widget_type=\"image.default\">\n\t\t\t\t<div class=\"elementor-widget-container\">\n\t\t\t\t\t\t\t\t\t\t\t\t\t\t\t<span class=\"g5core__lazy-image\" style=\"--g5-lazy-image-width: 50px;--g5-lazy-image-height: 100%\"><img loading=\"lazy\" decoding=\"async\" class=\"g5core__ll-image \" src=\"https:\/\/youclothingbrand.com\/wp-content\/plugins\/g5-core\/assets\/images\/placeholder-transparent.png\" width=\"50\" height=\"50\" data-src=\"https:\/\/youclothingbrand.com\/wp-content\/uploads\/elementor\/thumbs\/013-feather-qj44cg2dlg62wy45k30jx9uy4axsi37naxug8lv2b8.png\" title=\"013-feather\" alt=\"013-feather\" loading=\"lazy\"><\/span>\t\t\t\t\t\t\t\t\t\t\t\t\t\t\t<\/div>\n\t\t\t\t<\/div>\n\t\t\t\t<div class=\"elementor-element elementor-element-e15bf35 elementor-widget elementor-widget-text-editor\" data-id=\"e15bf35\" data-element_type=\"widget\" data-e-type=\"widget\" data-widget_type=\"text-editor.default\">\n\t\t\t\t<div class=\"elementor-widget-container\">\n\t\t\t\t\t\t\t\t\t<p><strong>Lahkost<\/strong><\/p>\t\t\t\t\t\t\t\t<\/div>\n\t\t\t\t<\/div>\n\t\t\t\t\t<\/div>\n\t\t<\/div>\n\t\t\t\t<div class=\"elementor-column elementor-col-20 elementor-inner-column elementor-element elementor-element-bb7bb46\" data-id=\"bb7bb46\" data-element_type=\"column\" data-e-type=\"column\">\n\t\t\t<div class=\"elementor-widget-wrap elementor-element-populated\">\n\t\t\t\t\t\t<div class=\"elementor-element elementor-element-f52048b elementor-widget elementor-widget-image\" data-id=\"f52048b\" data-element_type=\"widget\" data-e-type=\"widget\" data-widget_type=\"image.default\">\n\t\t\t\t<div class=\"elementor-widget-container\">\n\t\t\t\t\t\t\t\t\t\t\t\t\t\t\t<span class=\"g5core__lazy-image\" style=\"--g5-lazy-image-width: 50px;--g5-lazy-image-height: 100%\"><img loading=\"lazy\" decoding=\"async\" class=\"g5core__ll-image \" src=\"https:\/\/youclothingbrand.com\/wp-content\/plugins\/g5-core\/assets\/images\/placeholder-transparent.png\" width=\"50\" height=\"50\" data-src=\"https:\/\/youclothingbrand.com\/wp-content\/uploads\/elementor\/thumbs\/037-dryer-qj44d7bp3n7e9n0k4wsqfkzbch7fpb7v2orj5mqnas.png\" title=\"037-dryer\" alt=\"037-dryer\" loading=\"lazy\"><\/span>\t\t\t\t\t\t\t\t\t\t\t\t\t\t\t<\/div>\n\t\t\t\t<\/div>\n\t\t\t\t<div class=\"elementor-element elementor-element-3c2c136 elementor-widget elementor-widget-text-editor\" data-id=\"3c2c136\" data-element_type=\"widget\" data-e-type=\"widget\" data-widget_type=\"text-editor.default\">\n\t\t\t\t<div class=\"elementor-widget-container\">\n\t\t\t\t\t\t\t\t\t<p><strong>Zra\u010dnost<\/strong><\/p>\t\t\t\t\t\t\t\t<\/div>\n\t\t\t\t<\/div>\n\t\t\t\t\t<\/div>\n\t\t<\/div>\n\t\t\t\t<div class=\"elementor-column elementor-col-20 elementor-inner-column elementor-element elementor-element-aade1ab\" data-id=\"aade1ab\" data-element_type=\"column\" data-e-type=\"column\">\n\t\t\t<div class=\"elementor-widget-wrap elementor-element-populated\">\n\t\t\t\t\t\t<div class=\"elementor-element elementor-element-c899aa1 elementor-widget elementor-widget-image\" data-id=\"c899aa1\" data-element_type=\"widget\" data-e-type=\"widget\" data-widget_type=\"image.default\">\n\t\t\t\t<div class=\"elementor-widget-container\">\n\t\t\t\t\t\t\t\t\t\t\t\t\t\t\t<span class=\"g5core__lazy-image\" style=\"--g5-lazy-image-width: 50px;--g5-lazy-image-height: 100%\"><img loading=\"lazy\" decoding=\"async\" class=\"g5core__ll-image \" src=\"https:\/\/youclothingbrand.com\/wp-content\/plugins\/g5-core\/assets\/images\/placeholder-transparent.png\" width=\"50\" height=\"50\" data-src=\"https:\/\/youclothingbrand.com\/wp-content\/uploads\/elementor\/thumbs\/050-sweat-qj44e1ej6cckl5sv99ssnde2ct36jmj9utn2ihi1ro.png\" title=\"050-sweat\" alt=\"050-sweat\" loading=\"lazy\"><\/span>\t\t\t\t\t\t\t\t\t\t\t\t\t\t\t<\/div>\n\t\t\t\t<\/div>\n\t\t\t\t<div class=\"elementor-element elementor-element-6edefa7 elementor-widget elementor-widget-text-editor\" data-id=\"6edefa7\" data-element_type=\"widget\" data-e-type=\"widget\" data-widget_type=\"text-editor.default\">\n\t\t\t\t<div class=\"elementor-widget-container\">\n\t\t\t\t\t\t\t\t\t<p><strong>Prenos vlage<\/strong><\/p>\t\t\t\t\t\t\t\t<\/div>\n\t\t\t\t<\/div>\n\t\t\t\t\t<\/div>\n\t\t<\/div>\n\t\t\t\t<div class=\"elementor-column elementor-col-20 elementor-inner-column elementor-element elementor-element-85982d6\" data-id=\"85982d6\" data-element_type=\"column\" data-e-type=\"column\">\n\t\t\t<div class=\"elementor-widget-wrap elementor-element-populated\">\n\t\t\t\t\t\t<div class=\"elementor-element elementor-element-89fd833 elementor-widget elementor-widget-image\" data-id=\"89fd833\" data-element_type=\"widget\" data-e-type=\"widget\" data-widget_type=\"image.default\">\n\t\t\t\t<div class=\"elementor-widget-container\">\n\t\t\t\t\t\t\t\t\t\t\t\t\t\t\t<span class=\"g5core__lazy-image\" style=\"--g5-lazy-image-width: 50px;--g5-lazy-image-height: 100%\"><img loading=\"lazy\" decoding=\"async\" class=\"g5core__ll-image \" src=\"https:\/\/youclothingbrand.com\/wp-content\/plugins\/g5-core\/assets\/images\/placeholder-transparent.png\" width=\"50\" height=\"50\" data-src=\"https:\/\/youclothingbrand.com\/wp-content\/uploads\/elementor\/thumbs\/003-silk-qj44el555v3lcz0720bylqeqtwdw19pmxjc9laos50.png\" title=\"003-silk\" alt=\"003-silk\" loading=\"lazy\"><\/span>\t\t\t\t\t\t\t\t\t\t\t\t\t\t\t<\/div>\n\t\t\t\t<\/div>\n\t\t\t\t<div class=\"elementor-element elementor-element-b18c163 elementor-widget elementor-widget-text-editor\" data-id=\"b18c163\" data-element_type=\"widget\" data-e-type=\"widget\" data-widget_type=\"text-editor.default\">\n\t\t\t\t<div class=\"elementor-widget-container\">\n\t\t\t\t\t\t\t\t\t<p><strong>Brez\u00a0<\/strong><strong>neprijetnih vonjav<\/strong><\/p>\t\t\t\t\t\t\t\t<\/div>\n\t\t\t\t<\/div>\n\t\t\t\t\t<\/div>\n\t\t<\/div>\n\t\t\t\t\t<\/div>\n\t\t<\/section>\n\t\t\t\t<div class=\"elementor-element elementor-element-cfe495e elementor-widget elementor-widget-accordion\" data-id=\"cfe495e\" data-element_type=\"widget\" data-e-type=\"widget\" data-widget_type=\"accordion.default\">\n\t\t\t\t<div class=\"elementor-widget-container\">\n\t\t\t\t\t\t\t<div class=\"elementor-accordion\">\n\t\t\t\t\t\t\t<div class=\"elementor-accordion-item\">\n\t\t\t\t\t<div id=\"elementor-tab-title-2171\" class=\"elementor-tab-title\" data-tab=\"1\" role=\"button\" aria-controls=\"elementor-tab-content-2171\" aria-expanded=\"false\">\n\t\t\t\t\t\t\t\t\t\t\t\t\t<span class=\"elementor-accordion-icon elementor-accordion-icon-left\" aria-hidden=\"true\">\n\t\t\t\t\t\t\t\t\t\t\t\t\t\t\t<span class=\"elementor-accordion-icon-closed\"><i class=\"fas fa-plus\"><\/i><\/span>\n\t\t\t\t\t\t\t\t<span class=\"elementor-accordion-icon-opened\"><i class=\"fas fa-minus\"><\/i><\/span>\n\t\t\t\t\t\t\t\t\t\t\t\t\t\t<\/span>\n\t\t\t\t\t\t\t\t\t\t\t\t<a class=\"elementor-accordion-title\" tabindex=\"0\">PREDNOSTI<\/a>\n\t\t\t\t\t<\/div>\n\t\t\t\t\t<div id=\"elementor-tab-content-2171\" class=\"elementor-tab-content elementor-clearfix\" data-tab=\"1\" role=\"region\" aria-labelledby=\"elementor-tab-title-2171\"><ul><li>Idealno za tek \/ pohodni\u0161tvo \/ prosti \u010das<\/li><li>Primerna kot prvi sloj obla\u010dila<\/li><li>Zra\u010dnost in udobje<\/li><li>Upravljanje vlage<\/li><li>Ergonomsko prilagajanje<\/li><li>Svoboda gibanja<\/li><\/ul><\/div>\n\t\t\t\t<\/div>\n\t\t\t\t\t\t\t<div class=\"elementor-accordion-item\">\n\t\t\t\t\t<div id=\"elementor-tab-title-2172\" class=\"elementor-tab-title\" data-tab=\"2\" role=\"button\" aria-controls=\"elementor-tab-content-2172\" aria-expanded=\"false\">\n\t\t\t\t\t\t\t\t\t\t\t\t\t<span class=\"elementor-accordion-icon elementor-accordion-icon-left\" aria-hidden=\"true\">\n\t\t\t\t\t\t\t\t\t\t\t\t\t\t\t<span class=\"elementor-accordion-icon-closed\"><i class=\"fas fa-plus\"><\/i><\/span>\n\t\t\t\t\t\t\t\t<span class=\"elementor-accordion-icon-opened\"><i class=\"fas fa-minus\"><\/i><\/span>\n\t\t\t\t\t\t\t\t\t\t\t\t\t\t<\/span>\n\t\t\t\t\t\t\t\t\t\t\t\t<a class=\"elementor-accordion-title\" tabindex=\"0\">SESTAVA<\/a>\n\t\t\t\t\t<\/div>\n\t\t\t\t\t<div id=\"elementor-tab-content-2172\" class=\"elementor-tab-content elementor-clearfix\" data-tab=\"2\" role=\"region\" aria-labelledby=\"elementor-tab-title-2172\"><p>100% najlon\u00a0<\/p><\/div>\n\t\t\t\t<\/div>\n\t\t\t\t\t\t\t<div class=\"elementor-accordion-item\">\n\t\t\t\t\t<div id=\"elementor-tab-title-2173\" class=\"elementor-tab-title\" data-tab=\"3\" role=\"button\" aria-controls=\"elementor-tab-content-2173\" aria-expanded=\"false\">\n\t\t\t\t\t\t\t\t\t\t\t\t\t<span class=\"elementor-accordion-icon elementor-accordion-icon-left\" aria-hidden=\"true\">\n\t\t\t\t\t\t\t\t\t\t\t\t\t\t\t<span class=\"elementor-accordion-icon-closed\"><i class=\"fas fa-plus\"><\/i><\/span>\n\t\t\t\t\t\t\t\t<span class=\"elementor-accordion-icon-opened\"><i class=\"fas fa-minus\"><\/i><\/span>\n\t\t\t\t\t\t\t\t\t\t\t\t\t\t<\/span>\n\t\t\t\t\t\t\t\t\t\t\t\t<a class=\"elementor-accordion-title\" tabindex=\"0\">NEGA<\/a>\n\t\t\t\t\t<\/div>\n\t\t\t\t\t<div id=\"elementor-tab-content-2173\" class=\"elementor-tab-content elementor-clearfix\" data-tab=\"3\" role=\"region\" aria-labelledby=\"elementor-tab-title-2173\"><ul><li>Pranje na 30 stopinj C<\/li><li>Neprimerno za likanje \u2013 likanje na nizkih temperaturah<\/li><li>Neprimerno za su\u0161ilni stroj<\/li><li>Pranje na obrnjeni strani<\/li><\/ul><\/div>\n\t\t\t\t<\/div>\n\t\t\t\t\t\t\t\t<\/div>\n\t\t\t\t\t\t<\/div>\n\t\t\t\t<\/div>\n\t\t\t\t\t<\/div>\n\t\t<\/div>\n\t\t\t\t\t<\/div>\n\t\t<\/section>\n\t\t\t\t<\/div>\n\t\t","protected":false},"excerpt":{"rendered":"<p>\u0160portna majica s kratkimi rokavi brez stranskih \u0161ivov. Raztegljiva oprijeta majica, v kateri se boste po\u010dutili kot v svoji ko\u017ei. Idealna majica, ki omogo\u010da funkcionalnost v vseh razmerah; majica se zaradi svojih lastnosti odziva na razmere v okolju, ki jim je izpostavljena, in tako pove\u010da osnovni namen, to je brezskrbna, udobna uporaba, kjerkoli si.<\/p>\n","protected":false},"featured_media":6525,"comment_status":"open","ping_status":"closed","template":"","meta":[],"product_brand":[],"product_cat":[126,128],"product_tag":[],"class_list":{"0":"post-6909","1":"product","2":"type-product","3":"status-publish","4":"has-post-thumbnail","6":"product_cat-active-shirt","7":"product_cat-short-sleeve","9":"first","10":"instock","11":"shipping-taxable","12":"purchasable","13":"product-type-variable"},"_links":{"self":[{"href":"https:\/\/youclothingbrand.com\/en\/wp-json\/wp\/v2\/product\/6909","targetHints":{"allow":["GET"]}}],"collection":[{"href":"https:\/\/youclothingbrand.com\/en\/wp-json\/wp\/v2\/product"}],"about":[{"href":"https:\/\/youclothingbrand.com\/en\/wp-json\/wp\/v2\/types\/product"}],"replies":[{"embeddable":true,"href":"https:\/\/youclothingbrand.com\/en\/wp-json\/wp\/v2\/comments?post=6909"}],"version-history":[{"count":1,"href":"https:\/\/youclothingbrand.com\/en\/wp-json\/wp\/v2\/product\/6909\/revisions"}],"predecessor-version":[{"id":6918,"href":"https:\/\/youclothingbrand.com\/en\/wp-json\/wp\/v2\/product\/6909\/revisions\/6918"}],"wp:featuredmedia":[{"embeddable":true,"href":"https:\/\/youclothingbrand.com\/en\/wp-json\/wp\/v2\/media\/6525"}],"wp:attachment":[{"href":"https:\/\/youclothingbrand.com\/en\/wp-json\/wp\/v2\/media?parent=6909"}],"wp:term":[{"taxonomy":"product_brand","embeddable":true,"href":"https:\/\/youclothingbrand.com\/en\/wp-json\/wp\/v2\/product_brand?post=6909"},{"taxonomy":"product_cat","embeddable":true,"href":"https:\/\/youclothingbrand.com\/en\/wp-json\/wp\/v2\/product_cat?post=6909"},{"taxonomy":"product_tag","embeddable":true,"href":"https:\/\/youclothingbrand.com\/en\/wp-json\/wp\/v2\/product_tag?post=6909"}],"curies":[{"name":"wp","href":"https:\/\/api.w.org\/{rel}","templated":true}]}}