{"id":7875,"date":"2025-06-07T10:44:32","date_gmt":"2025-06-07T09:44:32","guid":{"rendered":"https:\/\/youclothingbrand.com\/?post_type=product&#038;p=7875"},"modified":"2025-06-07T10:53:51","modified_gmt":"2025-06-07T09:53:51","slug":"biker-pants-black","status":"publish","type":"product","link":"https:\/\/youclothingbrand.com\/en\/product\/biker-pants-black\/","title":{"rendered":"BIKER PANTS &#8211; Black"},"content":{"rendered":"\t\t<div data-elementor-type=\"product-post\" data-elementor-id=\"7875\" class=\"elementor elementor-7875\" data-elementor-post-type=\"product\">\n\t\t\t\t\t\t<section class=\"elementor-section elementor-top-section elementor-element elementor-element-35116b3 elementor-section-boxed elementor-section-height-default elementor-section-height-default\" data-id=\"35116b3\" data-element_type=\"section\" data-e-type=\"section\">\n\t\t\t\t\t\t<div class=\"elementor-container elementor-column-gap-default\">\n\t\t\t\t\t<div class=\"elementor-column elementor-col-100 elementor-top-column elementor-element elementor-element-7c9fd776\" data-id=\"7c9fd776\" data-element_type=\"column\" data-e-type=\"column\">\n\t\t\t<div class=\"elementor-widget-wrap elementor-element-populated\">\n\t\t\t\t\t\t<div class=\"elementor-element elementor-element-3ef08044 elementor-widget elementor-widget-text-editor\" data-id=\"3ef08044\" data-element_type=\"widget\" data-e-type=\"widget\" data-widget_type=\"text-editor.default\">\n\t\t\t\t<div class=\"elementor-widget-container\">\n\t\t\t\t\t\t\t\t\t<p>Odkrij udobje, ki objame tvojo postavo in poudari obline. Kratke hla\u010de z visokim pasom oblikujejo silhueto, brez da bi stiskale, in se popolno prilegajo telesu. Sredinski pprednji del hla\u010d je brez \u0161ivov, kar skrije \u0161e dodatne nepravilnosti, ko jih nosimo. Elasti\u010den material omogo\u010da svobodno gibanje, hkrati pa ohrani elegantnco. Idealne kratke hla\u010de za vsakdan, trening ali spro\u0161\u010den stil. Izberi zeleno, ki izstopa in poka\u017ee sve\u017eino. Ta razli\u010dica kratkih hla\u010d te bo navdu\u0161ila z lahkotnostjo in masleno mehkobo, vse kar potrebuje\u0161.<\/p><p><strong>KRATKE HLA\u010cE so namenjene \u017eenskam, ki cenijo kvalitetna in ve\u010dnamenska \u0161portna obla\u010dila, katera omogo\u010dajo svobodno gibanje brez skrbi glede udobja in intimnosti. Primerne so za \u017eenske, ki i\u0161\u010dejo brezskrbno udobje in enostavno eleganco. Idealne so za tiste, ki \u017eelijo lahkotne in masleno mehke hla\u010de za prosti \u010das, sprehode ali spro\u0161\u010dene aktivnosti. \u017denske, ki cenijo minimalizem in udobje brez nepotrebnih detajlov, bodo te hla\u010de obo\u017eevale.<\/strong><\/p>\t\t\t\t\t\t\t\t<\/div>\n\t\t\t\t<\/div>\n\t\t\t\t<section class=\"g5core__ll-background elementor-section elementor-inner-section elementor-element elementor-element-335d85e elementor-section-boxed elementor-section-height-default elementor-section-height-default\" data-bg=\"https:\/\/youclothingbrand.com\/wp-content\/uploads\/2024\/04\/Cream-Modern-Neutral-Modern-Store-Sale-Banner-Shopify-Banner-1200-x-800-pik-2.png\" data-id=\"335d85e\" data-element_type=\"section\" data-e-type=\"section\" data-settings=\"{&quot;background_background&quot;:&quot;classic&quot;,&quot;background_motion_fx_motion_fx_scrolling&quot;:&quot;yes&quot;,&quot;background_motion_fx_opacity_effect&quot;:&quot;yes&quot;,&quot;background_motion_fx_opacity_level&quot;:{&quot;unit&quot;:&quot;px&quot;,&quot;size&quot;:1.8,&quot;sizes&quot;:[]},&quot;background_motion_fx_opacity_range&quot;:{&quot;unit&quot;:&quot;%&quot;,&quot;size&quot;:&quot;&quot;,&quot;sizes&quot;:{&quot;start&quot;:28,&quot;end&quot;:74}},&quot;background_motion_fx_opacity_direction&quot;:&quot;out-in&quot;,&quot;background_motion_fx_devices&quot;:[&quot;desktop&quot;,&quot;tablet&quot;,&quot;mobile&quot;]}\">\n\t\t\t\t\t\t<div class=\"elementor-container elementor-column-gap-default\">\n\t\t\t\t\t<div class=\"elementor-column elementor-col-20 elementor-inner-column elementor-element elementor-element-bf7ed29\" data-id=\"bf7ed29\" data-element_type=\"column\" data-e-type=\"column\">\n\t\t\t<div class=\"elementor-widget-wrap elementor-element-populated\">\n\t\t\t\t\t\t<div class=\"elementor-element elementor-element-7086f48 elementor-widget elementor-widget-image\" data-id=\"7086f48\" data-element_type=\"widget\" data-e-type=\"widget\" data-widget_type=\"image.default\">\n\t\t\t\t<div class=\"elementor-widget-container\">\n\t\t\t\t\t\t\t\t\t\t\t\t\t\t\t<span class=\"g5core__lazy-image\" style=\"--g5-lazy-image-width: 100px;--g5-lazy-image-height: 90%\"><img loading=\"lazy\" decoding=\"async\" class=\"g5core__ll-image \" src=\"https:\/\/youclothingbrand.com\/wp-content\/plugins\/g5-core\/assets\/images\/placeholder-transparent.png\" width=\"100\" height=\"90\" data-src=\"https:\/\/youclothingbrand.com\/wp-content\/uploads\/elementor\/thumbs\/Izdelek-brez-naslova-9-qtuyvry46l7o1hvdc1631txni6lc74j29z6z2xwjno.png\" title=\"Izdelek brez naslova (9)\" alt=\"Izdelek brez naslova (9)\" loading=\"lazy\"><\/span>\t\t\t\t\t\t\t\t\t\t\t\t\t\t\t<\/div>\n\t\t\t\t<\/div>\n\t\t\t\t<div class=\"elementor-element elementor-element-e15bf35 elementor-widget elementor-widget-text-editor\" data-id=\"e15bf35\" data-element_type=\"widget\" data-e-type=\"widget\" data-widget_type=\"text-editor.default\">\n\t\t\t\t<div class=\"elementor-widget-container\">\n\t\t\t\t\t\t\t\t\t<h5><strong>Intimnost<\/strong><\/h5>\t\t\t\t\t\t\t\t<\/div>\n\t\t\t\t<\/div>\n\t\t\t\t\t<\/div>\n\t\t<\/div>\n\t\t\t\t<div class=\"elementor-column elementor-col-20 elementor-inner-column elementor-element elementor-element-96fd762\" data-id=\"96fd762\" data-element_type=\"column\" data-e-type=\"column\">\n\t\t\t<div class=\"elementor-widget-wrap elementor-element-populated\">\n\t\t\t\t\t\t<div class=\"elementor-element elementor-element-f52048b elementor-widget elementor-widget-image\" data-id=\"f52048b\" data-element_type=\"widget\" data-e-type=\"widget\" data-widget_type=\"image.default\">\n\t\t\t\t<div class=\"elementor-widget-container\">\n\t\t\t\t\t\t\t\t\t\t\t\t\t\t\t<span class=\"g5core__lazy-image\" style=\"--g5-lazy-image-width: 120px;--g5-lazy-image-height: 75%\"><img loading=\"lazy\" decoding=\"async\" class=\"g5core__ll-image \" src=\"https:\/\/youclothingbrand.com\/wp-content\/plugins\/g5-core\/assets\/images\/placeholder-transparent.png\" width=\"120\" height=\"90\" data-src=\"https:\/\/youclothingbrand.com\/wp-content\/uploads\/elementor\/thumbs\/Izdelek-brez-naslova-8-e1726396610288-qu52tqnaykkgxgp92zv00e2typtzdynyac7yzca5c4.png\" title=\"Izdelek brez naslova (8)\" alt=\"Izdelek brez naslova (8)\" loading=\"lazy\"><\/span>\t\t\t\t\t\t\t\t\t\t\t\t\t\t\t<\/div>\n\t\t\t\t<\/div>\n\t\t\t\t<div class=\"elementor-element elementor-element-3c2c136 elementor-widget elementor-widget-text-editor\" data-id=\"3c2c136\" data-element_type=\"widget\" data-e-type=\"widget\" data-widget_type=\"text-editor.default\">\n\t\t\t\t<div class=\"elementor-widget-container\">\n\t\t\t\t\t\t\t\t\t<h5><strong>Udoben pas<\/strong><\/h5>\t\t\t\t\t\t\t\t<\/div>\n\t\t\t\t<\/div>\n\t\t\t\t\t<\/div>\n\t\t<\/div>\n\t\t\t\t<div class=\"elementor-column elementor-col-20 elementor-inner-column elementor-element elementor-element-bb7bb46\" data-id=\"bb7bb46\" data-element_type=\"column\" data-e-type=\"column\">\n\t\t\t<div class=\"elementor-widget-wrap elementor-element-populated\">\n\t\t\t\t\t\t<div class=\"elementor-element elementor-element-87ee011 elementor-widget elementor-widget-image\" data-id=\"87ee011\" data-element_type=\"widget\" data-e-type=\"widget\" data-widget_type=\"image.default\">\n\t\t\t\t<div class=\"elementor-widget-container\">\n\t\t\t\t\t\t\t\t\t\t\t\t\t\t\t<span class=\"g5core__lazy-image\" style=\"--g5-lazy-image-width: 90px;--g5-lazy-image-height: 100%\"><img loading=\"lazy\" decoding=\"async\" class=\"g5core__ll-image \" src=\"https:\/\/youclothingbrand.com\/wp-content\/plugins\/g5-core\/assets\/images\/placeholder-transparent.png\" width=\"90\" height=\"90\" data-src=\"https:\/\/youclothingbrand.com\/wp-content\/uploads\/elementor\/thumbs\/019-arrows-qj44adt532v02ydid99hsq4vlssg2pb51g55sb41z8.png\" title=\"019-arrows\" alt=\"019-arrows\" loading=\"lazy\"><\/span>\t\t\t\t\t\t\t\t\t\t\t\t\t\t\t<\/div>\n\t\t\t\t<\/div>\n\t\t\t\t<div class=\"elementor-element elementor-element-f852ee1 elementor-widget elementor-widget-text-editor\" data-id=\"f852ee1\" data-element_type=\"widget\" data-e-type=\"widget\" data-widget_type=\"text-editor.default\">\n\t\t\t\t<div class=\"elementor-widget-container\">\n\t\t\t\t\t\t\t\t\t<h5><strong>Raztegljivo<\/strong><\/h5>\t\t\t\t\t\t\t\t<\/div>\n\t\t\t\t<\/div>\n\t\t\t\t\t<\/div>\n\t\t<\/div>\n\t\t\t\t<div class=\"elementor-column elementor-col-20 elementor-inner-column elementor-element elementor-element-aade1ab\" data-id=\"aade1ab\" data-element_type=\"column\" data-e-type=\"column\">\n\t\t\t<div class=\"elementor-widget-wrap elementor-element-populated\">\n\t\t\t\t\t\t<div class=\"elementor-element elementor-element-c899aa1 elementor-widget elementor-widget-image\" data-id=\"c899aa1\" data-element_type=\"widget\" data-e-type=\"widget\" data-widget_type=\"image.default\">\n\t\t\t\t<div class=\"elementor-widget-container\">\n\t\t\t\t\t\t\t\t\t\t\t\t\t\t\t<span class=\"g5core__lazy-image\" style=\"--g5-lazy-image-width: 90px;--g5-lazy-image-height: 100%\"><img loading=\"lazy\" decoding=\"async\" class=\"g5core__ll-image \" src=\"https:\/\/youclothingbrand.com\/wp-content\/plugins\/g5-core\/assets\/images\/placeholder-transparent.png\" width=\"90\" height=\"90\" data-src=\"https:\/\/youclothingbrand.com\/wp-content\/uploads\/elementor\/thumbs\/050-sweat-qj44e1ejnvv58d2d0u59hsxerqru0btk7jh4z1oxs4.png\" title=\"050-sweat\" alt=\"050-sweat\" loading=\"lazy\"><\/span>\t\t\t\t\t\t\t\t\t\t\t\t\t\t\t<\/div>\n\t\t\t\t<\/div>\n\t\t\t\t<div class=\"elementor-element elementor-element-6edefa7 elementor-widget elementor-widget-text-editor\" data-id=\"6edefa7\" data-element_type=\"widget\" data-e-type=\"widget\" data-widget_type=\"text-editor.default\">\n\t\t\t\t<div class=\"elementor-widget-container\">\n\t\t\t\t\t\t\t\t\t<h5><strong>Odvaja vlago<\/strong><\/h5>\t\t\t\t\t\t\t\t<\/div>\n\t\t\t\t<\/div>\n\t\t\t\t\t<\/div>\n\t\t<\/div>\n\t\t\t\t<div class=\"elementor-column elementor-col-20 elementor-inner-column elementor-element elementor-element-85982d6\" data-id=\"85982d6\" data-element_type=\"column\" data-e-type=\"column\">\n\t\t\t<div class=\"elementor-widget-wrap elementor-element-populated\">\n\t\t\t\t\t\t<div class=\"elementor-element elementor-element-89fd833 elementor-widget elementor-widget-image\" data-id=\"89fd833\" data-element_type=\"widget\" data-e-type=\"widget\" data-widget_type=\"image.default\">\n\t\t\t\t<div class=\"elementor-widget-container\">\n\t\t\t\t\t\t\t\t\t\t\t\t\t\t\t<span class=\"g5core__lazy-image\" style=\"--g5-lazy-image-width: 60px;--g5-lazy-image-height: 133.33333333333%\"><img loading=\"lazy\" decoding=\"async\" class=\"g5core__ll-image \" src=\"https:\/\/youclothingbrand.com\/wp-content\/plugins\/g5-core\/assets\/images\/placeholder-transparent.png\" width=\"60\" height=\"80\" data-src=\"https:\/\/youclothingbrand.com\/wp-content\/uploads\/elementor\/thumbs\/003-silk-qj44el55a8zcm3afd45kirgl0ehw5mfg1ewcm11hy8.png\" title=\"003-silk\" alt=\"003-silk\" loading=\"lazy\"><\/span>\t\t\t\t\t\t\t\t\t\t\t\t\t\t\t<\/div>\n\t\t\t\t<\/div>\n\t\t\t\t<div class=\"elementor-element elementor-element-b18c163 elementor-widget__width-initial elementor-widget elementor-widget-text-editor\" data-id=\"b18c163\" data-element_type=\"widget\" data-e-type=\"widget\" data-widget_type=\"text-editor.default\">\n\t\t\t\t<div class=\"elementor-widget-container\">\n\t\t\t\t\t\t\t\t\t<h5><strong>Brez\u00a0<\/strong><strong>neprijetnih vonjav<\/strong><\/h5>\t\t\t\t\t\t\t\t<\/div>\n\t\t\t\t<\/div>\n\t\t\t\t\t<\/div>\n\t\t<\/div>\n\t\t\t\t\t<\/div>\n\t\t<\/section>\n\t\t\t\t<div class=\"elementor-element elementor-element-cfe495e elementor-widget elementor-widget-accordion\" data-id=\"cfe495e\" data-element_type=\"widget\" data-e-type=\"widget\" data-widget_type=\"accordion.default\">\n\t\t\t\t<div class=\"elementor-widget-container\">\n\t\t\t\t\t\t\t<div class=\"elementor-accordion\">\n\t\t\t\t\t\t\t<div class=\"elementor-accordion-item\">\n\t\t\t\t\t<div id=\"elementor-tab-title-2171\" class=\"elementor-tab-title\" data-tab=\"1\" role=\"button\" aria-controls=\"elementor-tab-content-2171\" aria-expanded=\"false\">\n\t\t\t\t\t\t\t\t\t\t\t\t\t<span class=\"elementor-accordion-icon elementor-accordion-icon-left\" aria-hidden=\"true\">\n\t\t\t\t\t\t\t\t\t\t\t\t\t\t\t<span class=\"elementor-accordion-icon-closed\"><i class=\"fas fa-plus\"><\/i><\/span>\n\t\t\t\t\t\t\t\t<span class=\"elementor-accordion-icon-opened\"><i class=\"fas fa-minus\"><\/i><\/span>\n\t\t\t\t\t\t\t\t\t\t\t\t\t\t<\/span>\n\t\t\t\t\t\t\t\t\t\t\t\t<a class=\"elementor-accordion-title\" tabindex=\"0\">PREDNOSTI<\/a>\n\t\t\t\t\t<\/div>\n\t\t\t\t\t<div id=\"elementor-tab-content-2171\" class=\"elementor-tab-content elementor-clearfix\" data-tab=\"1\" role=\"region\" aria-labelledby=\"elementor-tab-title-2171\"><ul><li><strong>Gladek pas:<\/strong> pas je zasnovan tako, da se ne guba ali stiska trebuha, kar pove\u010duje udobje med vadbo.<\/li><li><strong>Lahkotnost in udobje:<\/strong> izjemno mehka in lahka tkanina omogo\u010da popolno svobodo gibanja.<\/li><li><strong>2 v 1 zasnova:<\/strong> dvojna plast s hitro su\u0161e\u010do funkcijo in zra\u010dnostjo nudi hladen ob\u010dutek tudi med intenzivnimi vadbami.<\/li><li><strong>Trajnost in za\u0161\u010dita:<\/strong> tkanina je trajnostna, odporna proti vetru, UV-\u017earkom, statiki in neprijetnim vonjavam.<\/li><li><strong>Ve\u010dnamenska uporaba:<\/strong> idealne za kolesarjenje, kardio vadbe, jogo in HIIT treninge.<\/li><li><strong>\u0160portno-moderen videz:<\/strong> funkcionalnost se zdru\u017euje s stilom<\/li><li><strong>Trpe\u017enost in pro\u017enost \u2013 svobodno gibanje<\/strong><\/li><li><strong>Preverjena YOU kvaliteta<\/strong><\/li><\/ul><\/div>\n\t\t\t\t<\/div>\n\t\t\t\t\t\t\t<div class=\"elementor-accordion-item\">\n\t\t\t\t\t<div id=\"elementor-tab-title-2172\" class=\"elementor-tab-title\" data-tab=\"2\" role=\"button\" aria-controls=\"elementor-tab-content-2172\" aria-expanded=\"false\">\n\t\t\t\t\t\t\t\t\t\t\t\t\t<span class=\"elementor-accordion-icon elementor-accordion-icon-left\" aria-hidden=\"true\">\n\t\t\t\t\t\t\t\t\t\t\t\t\t\t\t<span class=\"elementor-accordion-icon-closed\"><i class=\"fas fa-plus\"><\/i><\/span>\n\t\t\t\t\t\t\t\t<span class=\"elementor-accordion-icon-opened\"><i class=\"fas fa-minus\"><\/i><\/span>\n\t\t\t\t\t\t\t\t\t\t\t\t\t\t<\/span>\n\t\t\t\t\t\t\t\t\t\t\t\t<a class=\"elementor-accordion-title\" tabindex=\"0\">SESTAVA<\/a>\n\t\t\t\t\t<\/div>\n\t\t\t\t\t<div id=\"elementor-tab-content-2172\" class=\"elementor-tab-content elementor-clearfix\" data-tab=\"2\" role=\"region\" aria-labelledby=\"elementor-tab-title-2172\"><p>\u00a080% najlon &#8211; 20% spandeks<\/p><p>\u00a0<\/p><\/div>\n\t\t\t\t<\/div>\n\t\t\t\t\t\t\t<div class=\"elementor-accordion-item\">\n\t\t\t\t\t<div id=\"elementor-tab-title-2173\" class=\"elementor-tab-title\" data-tab=\"3\" role=\"button\" aria-controls=\"elementor-tab-content-2173\" aria-expanded=\"false\">\n\t\t\t\t\t\t\t\t\t\t\t\t\t<span class=\"elementor-accordion-icon elementor-accordion-icon-left\" aria-hidden=\"true\">\n\t\t\t\t\t\t\t\t\t\t\t\t\t\t\t<span class=\"elementor-accordion-icon-closed\"><i class=\"fas fa-plus\"><\/i><\/span>\n\t\t\t\t\t\t\t\t<span class=\"elementor-accordion-icon-opened\"><i class=\"fas fa-minus\"><\/i><\/span>\n\t\t\t\t\t\t\t\t\t\t\t\t\t\t<\/span>\n\t\t\t\t\t\t\t\t\t\t\t\t<a class=\"elementor-accordion-title\" tabindex=\"0\">NEGA<\/a>\n\t\t\t\t\t<\/div>\n\t\t\t\t\t<div id=\"elementor-tab-content-2173\" class=\"elementor-tab-content elementor-clearfix\" data-tab=\"3\" role=\"region\" aria-labelledby=\"elementor-tab-title-2173\"><p id=\"tw-target-text\" class=\"tw-data-text tw-text-large tw-ta\" dir=\"ltr\" data-placeholder=\"Translation\" aria-label=\"Translated text\" data-ved=\"2ahUKEwj71JudhO-FAxXmgP0HHbG-AF0Q3ewLegQIBRAU\"><span class=\"Y2IQFc\" lang=\"sl\">Obla\u010dila YOU so izdelana iz visoko kakovostnega blaga, vendar se lahko ob nepravilni negi po\u0161kodujejo.\u00a0<\/span><\/p><p class=\"tw-data-text tw-text-large tw-ta\" dir=\"ltr\" data-placeholder=\"Translation\" aria-label=\"Translated text\" data-ved=\"2ahUKEwj71JudhO-FAxXmgP0HHbG-AF0Q3ewLegQIBRAU\"><strong>Za dalj\u0161o \u017eivljenjsko dobo hla\u010d svetujemo, da upo\u0161tevate navodila za pranje in su\u0161enje:<\/strong><\/p><ul><li><span style=\"color: var( --e-global-color-text ); font-family: var( --e-global-typography-text-font-family ), Sans-serif; font-weight: var( --e-global-typography-text-font-weight ); font-size: var(--g5-body-font-size); font-style: var(--g5-body-font-style); letter-spacing: var(--g5-body-letter-spacing); text-transform: var(--g5-body-text-transform);\">Pranje pri 30\u00b0C<\/span><\/li><li>Neprimerno za likanje\u00a0<\/li><li>Brez uporabe belil\u00a0<\/li><li>Ne izpostavljajte su\u0161enju direktno na soncu<\/li><li>Neprimerno za su\u0161ilni stroj &#8211; su\u0161ite na prostem<\/li><li>Pranje z enakimi barvami<\/li><li>Pranje na obrnjeni strani \u2013 tisk na notranji strani<\/li><\/ul><\/div>\n\t\t\t\t<\/div>\n\t\t\t\t\t\t\t\t<\/div>\n\t\t\t\t\t\t<\/div>\n\t\t\t\t<\/div>\n\t\t\t\t\t<\/div>\n\t\t<\/div>\n\t\t\t\t\t<\/div>\n\t\t<\/section>\n\t\t\t\t<\/div>\n\t\t","protected":false},"excerpt":{"rendered":"<p>\u0160portne kratke hla\u010de, ki zdru\u017eujejo udobje in funkcionalnost, zasnovane za ob\u010dutek lahkotnosti in svobode.<\/p>\n","protected":false},"featured_media":7881,"comment_status":"open","ping_status":"closed","template":"","meta":[],"product_brand":[],"product_cat":[140],"product_tag":[],"class_list":{"0":"post-7875","1":"product","2":"type-product","3":"status-publish","4":"has-post-thumbnail","6":"product_cat-kratke-hlace","8":"first","9":"instock","10":"shipping-taxable","11":"purchasable","12":"product-type-variable"},"_links":{"self":[{"href":"https:\/\/youclothingbrand.com\/en\/wp-json\/wp\/v2\/product\/7875","targetHints":{"allow":["GET"]}}],"collection":[{"href":"https:\/\/youclothingbrand.com\/en\/wp-json\/wp\/v2\/product"}],"about":[{"href":"https:\/\/youclothingbrand.com\/en\/wp-json\/wp\/v2\/types\/product"}],"replies":[{"embeddable":true,"href":"https:\/\/youclothingbrand.com\/en\/wp-json\/wp\/v2\/comments?post=7875"}],"version-history":[{"count":1,"href":"https:\/\/youclothingbrand.com\/en\/wp-json\/wp\/v2\/product\/7875\/revisions"}],"predecessor-version":[{"id":7883,"href":"https:\/\/youclothingbrand.com\/en\/wp-json\/wp\/v2\/product\/7875\/revisions\/7883"}],"wp:featuredmedia":[{"embeddable":true,"href":"https:\/\/youclothingbrand.com\/en\/wp-json\/wp\/v2\/media\/7881"}],"wp:attachment":[{"href":"https:\/\/youclothingbrand.com\/en\/wp-json\/wp\/v2\/media?parent=7875"}],"wp:term":[{"taxonomy":"product_brand","embeddable":true,"href":"https:\/\/youclothingbrand.com\/en\/wp-json\/wp\/v2\/product_brand?post=7875"},{"taxonomy":"product_cat","embeddable":true,"href":"https:\/\/youclothingbrand.com\/en\/wp-json\/wp\/v2\/product_cat?post=7875"},{"taxonomy":"product_tag","embeddable":true,"href":"https:\/\/youclothingbrand.com\/en\/wp-json\/wp\/v2\/product_tag?post=7875"}],"curies":[{"name":"wp","href":"https:\/\/api.w.org\/{rel}","templated":true}]}}